{"id":6007,"date":"2017-06-24T10:05:06","date_gmt":"2017-06-24T10:05:06","guid":{"rendered":"https:\/\/kesbet.pl\/o-firmie\/"},"modified":"2018-07-31T14:51:43","modified_gmt":"2018-07-31T12:51:43","slug":"about-us","status":"publish","type":"page","link":"https:\/\/kesbet.pl\/en\/about-us\/","title":{"rendered":"About us"},"content":{"rendered":"<div class=\"wpb-content-wrapper\"><p>[vc_row css=&#8221;.vc_custom_1521457912737{margin-bottom: 40px !important;padding-top: 30px !important;}&#8221; el_class=&#8221;container&#8221;][vc_column width=&#8221;5\/12&#8243;][vc_custom_heading text=&#8221;We produce elements of street furniture&#8221; font_container=&#8221;tag:h2|font_size:24|text_align:left|color:%232e867d|line_height:30px&#8221; use_theme_fonts=&#8221;yes&#8221; css=&#8221;.vc_custom_1532518874593{margin-top: 10px !important;}&#8221;][vc_column_text]\u201cK\u0118SBET&#8221; Wyroby Betonowe Stanis\u0142aw K\u0119sek is a company with many years of experience. We started our activity in 1974. During this time, we have created a wide range of products and have gained a group of satisfied contractors. Our clients are City Offices, Municipal Utilities Departments, construction companies as well as architects and designers.<\/p>\n<p>Over the years of our operations, we have been systematically strengthening our position on the market. We are currently the largest producer of this type of elements in the region of Opole and one of the largest producers in Poland.[\/vc_column_text]<a  href=\"https:\/\/kesbet.pl\/en\/products\/\"  target=\"_self\"  title=\"\" class=\"tt_button   pull-left  \" ><span class=\"prim_text\">Check our offer<\/span><span class=\" iconita\"><\/span><\/a>[\/vc_column][vc_column width=&#8221;7\/12&#8243;][vc_row_inner][vc_column_inner width=&#8221;1\/2&#8243;]<div class=\"key-icon-box icon-default icon-top cont-left kd-animated fadeInUp \" style=\"background-color: none;\" data-animation-delay=200><div class=\"tt-iconbox-customimg img_small_size\"><img loading=\"lazy\" decoding=\"async\" width=\"80\" height=\"80\" src=\"https:\/\/kesbet.pl\/wp-content\/uploads\/2018\/03\/nowe-produkty.png\" class=\"attachment-full\" alt=\"\" title=\"nowe produkty\" \/><\/div><h4 class=\"service-heading\" >New products<\/h4><p >In addition to the products available in the K\u0119sbet offer, we are able to develop new products - according to the customer's idea and preferences.<\/p><\/div>[\/vc_column_inner][vc_column_inner width=&#8221;1\/2&#8243;]<div class=\"key-icon-box icon-default icon-top cont-left kd-animated fadeInUp \" style=\"background-color: none;\" data-animation-delay=400><div class=\"tt-iconbox-customimg img_small_size\"><img loading=\"lazy\" decoding=\"async\" width=\"80\" height=\"80\" src=\"https:\/\/kesbet.pl\/wp-content\/uploads\/2018\/03\/odpowiadamy-na-oczekiwania-klientow.png\" class=\"attachment-full\" alt=\"\" title=\"odpowiadamy na oczekiwania klient\u00f3w\" \/><\/div><h4 class=\"service-heading\" >WE ADDRESS CUSTOMER NEEDS<\/h4><p >As a manufacturer of concrete products, we can easily complete even the most unusual orders.<br \/>\n<\/p><\/div>[\/vc_column_inner][\/vc_row_inner][vc_row_inner][vc_column_inner width=&#8221;1\/2&#8243;][vc_empty_space height=&#8221;20px&#8221;]<div class=\"key-icon-box icon-default icon-top cont-left kd-animated fadeInUp \" style=\"background-color: none;\" data-animation-delay=200><div class=\"tt-iconbox-customimg img_small_size\"><img loading=\"lazy\" decoding=\"async\" width=\"80\" height=\"80\" src=\"https:\/\/kesbet.pl\/wp-content\/uploads\/2018\/03\/dzielimy-sie-wiedza-i-doswiadczeniem.png\" class=\"attachment-full\" alt=\"\" title=\"dzielimy si\u0119 wiedz\u0105 i do\u015bwiadczeniem\" \/><\/div><h4 class=\"service-heading\" >WE SHARE YOUR KNOWLEDGE AND EXPERIENCE<\/h4><p >In addition to the products available in the K\u0119sbet offer, we are able to develop new products - according to the customer's idea and preferences.<\/p><\/div>[\/vc_column_inner][vc_column_inner width=&#8221;1\/2&#8243;][vc_empty_space height=&#8221;20px&#8221;]<div class=\"key-icon-box icon-default icon-top cont-left kd-animated fadeInUp \" style=\"background-color: none;\" data-animation-delay=400><div class=\"tt-iconbox-customimg img_small_size\"><img loading=\"lazy\" decoding=\"async\" width=\"80\" height=\"80\" src=\"https:\/\/kesbet.pl\/wp-content\/uploads\/2018\/03\/zdobywamy-nagrody.png\" class=\"attachment-full\" alt=\"\" title=\"zdobywamy nagrody\" \/><\/div><h4 class=\"service-heading\" >WE RECEIVE AWARDS<\/h4><p >We won the statuette of ``Wie\u017ca Woka`` - Company of the year 2011 in the Prudnik District<br \/>\n<\/p><\/div>[\/vc_column_inner][\/vc_row_inner][\/vc_column][\/vc_row][vc_row full_width=&#8221;stretch_row_content_no_spaces&#8221; css=&#8221;.vc_custom_1521462881593{padding-bottom: 120px !important;background-image: url(https:\/\/kesbet.pl\/wp-content\/uploads\/2018\/03\/o-nas-bg.jpg?id=3015) !important;}&#8221;][vc_column css=&#8221;.vc_custom_1522223441972{margin-bottom: 30px !important;}&#8221;][vc_custom_heading text=&#8221;We focus on durability and aesthetics<br \/>\n&#8221; font_container=&#8221;tag:h2|font_size:26|text_align:center|color:%23ffffff&#8221; use_theme_fonts=&#8221;yes&#8221; css=&#8221;.vc_custom_1532519269904{margin-top: 10px !important;margin-bottom: 0px !important;}&#8221; el_class=&#8221;mobile-center&#8221;][vc_column_text el_class=&#8221;text-white text-bigger&#8221; css=&#8221;.vc_custom_1532519332697{margin-bottom: 30px !important;}&#8221; el_id=&#8221;text-short-width&#8221;]<\/p>\n<p style=\"text-align: center;\">Our products are made of proven raw materials, thanks to which &#8211; despite the passage of time &#8211; they retain their usable properties and aesthetic values.<\/p>\n<p>[\/vc_column_text][\/vc_column][\/vc_row][vc_row el_class=&#8221;floating-box&#8221;][vc_column width=&#8221;1\/2&#8243; el_class=&#8221;no-padding&#8221;][vc_single_image image=&#8221;2927&#8243; img_size=&#8221;620&#215;420&#8243; alignment=&#8221;center&#8221;][\/vc_column][vc_column width=&#8221;1\/2&#8243; css=&#8221;.vc_custom_1521462197328{background-color: #ffffff !important;}&#8221;][vc_row_inner][vc_column_inner][vc_column_text css=&#8221;.vc_custom_1532519364294{margin-top: 0px !important;}&#8221; el_class=&#8221;mobile-center&#8221;]<\/p>\n<h4 style=\"margin-top: 0;\">We guarantee our customers durability of products, fast implementation and a wide range of products.<\/h4>\n<p>[\/vc_column_text][\/vc_column_inner][\/vc_row_inner][vc_row_inner][vc_column_inner width=&#8221;1\/3&#8243;]<script type=\"text\/javascript\">\n            \t\t\t\tjQuery(document).ready(function() {\n            \t\t\t\t\tjQuery(function($) {\n            \t\t\t\t\t\t$(\".kd-counterelem-69e3088fdb6a4\").appear(function() {\n            \t\t\t\t\t\t\t$(this).countTo();\n            \t\t\t\t\t\t});\n            \t\t\t\t\t});\n            \t\t\t\t});\n            \t\t\t<\/script><div class=\"kd_counter icon-top counter-big  kd-animated fadeInUp\" ><div class=\"kd_counter_content\"><div class=\"kd_counter_icon\"><div class=\"kd-counter-customimg\"><img loading=\"lazy\" decoding=\"async\" width=\"80\" height=\"80\" src=\"https:\/\/kesbet.pl\/wp-content\/uploads\/2018\/03\/oferta-w-4h.png\" class=\"attachment-full\" alt=\"\" title=\"oferta w 4h\" \/><\/div><\/div><h4 class=\"kd_counter_number\"><span class=\"kd_number_string kd-counterelem-69e3088fdb6a4\" style=\"color: #2e867d;\" data-from=\"0\" data-to=\"4\" data-refresh-interval=\"50\">0<\/span>\n                                  <span class=\"kd_counter_units\" style=\"color: #2e867d;\">h<\/span><\/h4><div class=\"kd_counter_text\" style=\"color: #2f2f2f;\">time of preparing the offer<\/div><\/div><\/div>[\/vc_column_inner][vc_column_inner width=&#8221;1\/3&#8243;]<script type=\"text\/javascript\">\n            \t\t\t\tjQuery(document).ready(function() {\n            \t\t\t\t\tjQuery(function($) {\n            \t\t\t\t\t\t$(\".kd-counterelem-69e3088fdb7fd\").appear(function() {\n            \t\t\t\t\t\t\t$(this).countTo();\n            \t\t\t\t\t\t});\n            \t\t\t\t\t});\n            \t\t\t\t});\n            \t\t\t<\/script><div class=\"kd_counter icon-top counter-big  kd-animated fadeInUp\" ><div class=\"kd_counter_content\"><div class=\"kd_counter_icon\"><div class=\"kd-counter-customimg\"><img loading=\"lazy\" decoding=\"async\" width=\"80\" height=\"80\" src=\"https:\/\/kesbet.pl\/wp-content\/uploads\/2018\/03\/44-lata-na-rynku.png\" class=\"attachment-full\" alt=\"\" title=\"44 lata na rynku\" \/><\/div><\/div><h4 class=\"kd_counter_number\"><span class=\"kd_number_string kd-counterelem-69e3088fdb7fd\" style=\"color: #2e867d;\" data-from=\"0\" data-to=\"44\" data-refresh-interval=\"50\">0<\/span>\n                                  <span class=\"kd_counter_units\" style=\"color: #2e867d;\"><\/span><\/h4><div class=\"kd_counter_text\" style=\"color: #2f2f2f;\">years on the market<\/div><\/div><\/div>[\/vc_column_inner][vc_column_inner width=&#8221;1\/3&#8243;]<script type=\"text\/javascript\">\n            \t\t\t\tjQuery(document).ready(function() {\n            \t\t\t\t\tjQuery(function($) {\n            \t\t\t\t\t\t$(\".kd-counterelem-69e3088fdb939\").appear(function() {\n            \t\t\t\t\t\t\t$(this).countTo();\n            \t\t\t\t\t\t});\n            \t\t\t\t\t});\n            \t\t\t\t});\n            \t\t\t<\/script><div class=\"kd_counter icon-top counter-big  kd-animated fadeInUp\" ><div class=\"kd_counter_content\"><div class=\"kd_counter_icon\"><div class=\"kd-counter-customimg\"><img loading=\"lazy\" decoding=\"async\" width=\"80\" height=\"80\" src=\"https:\/\/kesbet.pl\/wp-content\/uploads\/2018\/03\/289h.png\" class=\"attachment-full\" alt=\"\" title=\"289h\" \/><\/div><\/div><h4 class=\"kd_counter_number\"><span class=\"kd_number_string kd-counterelem-69e3088fdb939\" style=\"color: #2e867d;\" data-from=\"0\" data-to=\"289\" data-refresh-interval=\"50\">0<\/span>\n                                  <span class=\"kd_counter_units\" style=\"color: #2e867d;\"><\/span><\/h4><div class=\"kd_counter_text\" style=\"color: #2f2f2f;\"> available products<\/div><\/div><\/div>[\/vc_column_inner][\/vc_row_inner][vc_empty_space height=&#8221;20px&#8221;][vc_row_inner][vc_column_inner]<a  href=\"https:\/\/kesbet.pl\/en\/products\/\"  target=\"_self\"  title=\"\" class=\"tt_button   pull-left  \" ><span class=\"prim_text\">Check our offer<\/span><span class=\" iconita\"><\/span><\/a>[\/vc_column_inner][\/vc_row_inner][vc_empty_space height=&#8221;20px&#8221;][\/vc_column][\/vc_row][vc_row full_width=&#8221;stretch_row&#8221; css=&#8221;.vc_custom_1522330812616{margin-top: 50px !important;background-color: #2e867d !important;}&#8221; el_class=&#8221;cta&#8221;][vc_column]<div class=\"kd-calltoaction no_icon cta\" style=\"background-color: ;\">\n                <div class=\"container\"><div class=\"cta-text\">\n                        <h3 style=\"color: #ffffff;\">Elements of street furniture - durable and functional<\/h3>\n                        <p style=\"color: #ffffff;\">We guarantee quality and fast implementation.<\/p>\n                    <\/div>\n                    <div class=\"cta-btncontainer\">\n                        <a href=\"https:\/\/kesbet.pl\/en\/contact\/\"  title=\"\" class=\"tt_button kd-animated zoomIn\" data-animation-delay=\"200\">Contact us<\/a>\n                    <\/div>\n                <\/div>\n            <\/div>[\/vc_column][\/vc_row]<\/p>\n<\/div>","protected":false},"excerpt":{"rendered":"<p>[vc_row css=&#8221;.vc_custom_1521457912737{margin-bottom: 40px !important;padding-top: 30px !important;}&#8221; el_class=&#8221;container&#8221;][vc_column width=&#8221;5\/12&#8243;][vc_custom_heading text=&#8221;We produce elements of street furniture&#8221; font_container=&#8221;tag:h2|font_size:24|text_align:left|color:%232e867d|line_height:30px&#8221; use_theme_fonts=&#8221;yes&#8221; css=&#8221;.vc_custom_1532518874593{margin-top: 10px !important;}&#8221;][vc_column_text]\u201cK\u0118SBET&#8221; Wyroby Betonowe Stanis\u0142aw K\u0119sek [&hellip;]<\/p>\n","protected":false},"author":1,"featured_media":10086,"parent":0,"menu_order":0,"comment_status":"closed","ping_status":"closed","template":"","meta":{"footnotes":""},"class_list":["post-6007","page","type-page","status-publish","has-post-thumbnail","hentry"],"_links":{"self":[{"href":"https:\/\/kesbet.pl\/en\/wp-json\/wp\/v2\/pages\/6007","targetHints":{"allow":["GET"]}}],"collection":[{"href":"https:\/\/kesbet.pl\/en\/wp-json\/wp\/v2\/pages"}],"about":[{"href":"https:\/\/kesbet.pl\/en\/wp-json\/wp\/v2\/types\/page"}],"author":[{"embeddable":true,"href":"https:\/\/kesbet.pl\/en\/wp-json\/wp\/v2\/users\/1"}],"replies":[{"embeddable":true,"href":"https:\/\/kesbet.pl\/en\/wp-json\/wp\/v2\/comments?post=6007"}],"version-history":[{"count":5,"href":"https:\/\/kesbet.pl\/en\/wp-json\/wp\/v2\/pages\/6007\/revisions"}],"predecessor-version":[{"id":7713,"href":"https:\/\/kesbet.pl\/en\/wp-json\/wp\/v2\/pages\/6007\/revisions\/7713"}],"wp:featuredmedia":[{"embeddable":true,"href":"https:\/\/kesbet.pl\/en\/wp-json\/wp\/v2\/media\/10086"}],"wp:attachment":[{"href":"https:\/\/kesbet.pl\/en\/wp-json\/wp\/v2\/media?parent=6007"}],"curies":[{"name":"wp","href":"https:\/\/api.w.org\/{rel}","templated":true}]}}