{"id":7460,"date":"2018-07-25T16:08:41","date_gmt":"2018-07-25T14:08:41","guid":{"rendered":"https:\/\/kesbet.pl\/products\/benches\/lawki-betonowe\/"},"modified":"2018-07-31T14:54:07","modified_gmt":"2018-07-31T12:54:07","slug":"concrete-benches","status":"publish","type":"page","link":"https:\/\/kesbet.pl\/en\/products\/concrete-benches\/","title":{"rendered":"Concrete benches"},"content":{"rendered":"<div class=\"wpb-content-wrapper\"><p>[vc_row][vc_column css=&#8221;.vc_custom_1522231303301{margin-top: -30px !important;margin-bottom: 30px !important;}&#8221;][vc_custom_heading text=&#8221;Concrete benches &#8211; perfect for the park or promenade<br \/>\n&#8221; font_container=&#8221;tag:h2|font_size:26px|text_align:center|color:%232e867d&#8221; use_theme_fonts=&#8221;yes&#8221;][\/vc_column][\/vc_row][vc_row][vc_column width=&#8221;3\/4&#8243;][vc_custom_heading text=&#8221;Durable and practical concrete benches<br \/>\n&#8221; font_container=&#8221;tag:h2|font_size:18px|text_align:left|color:%232e867d&#8221; use_theme_fonts=&#8221;yes&#8221; css=&#8221;.vc_custom_1532674226523{margin-top: 0px !important;}&#8221;][vc_column_text css=&#8221;.vc_custom_1532674233435{margin-top: -25px !important;margin-bottom: 30px !important;}&#8221;]<span style=\"font-weight: 400;\">A large part of our offer are concrete park and city benches. These benches have a solid concrete base and aesthetic wooden seats. They are made of high quality concrete, aggregates and solid wooden elements. These products are a functional element of public space. They are set in parks, streets, squares and avenues.<\/span>[\/vc_column_text]<div class=\"woocommerce columns-3 \"><ul class=\"products columns-3\">\n<li class=\"product type-product post-7535 status-publish first instock product_cat-concrete-benches has-post-thumbnail downloadable shipping-taxable product-type-simple\">\n\t<a href=\"https:\/\/kesbet.pl\/en\/benches\/concrete-benches\/concrete-bench-440a\/\" class=\"woocommerce-LoopProduct-link woocommerce-loop-product__link\"><img loading=\"lazy\" decoding=\"async\" width=\"400\" height=\"400\" src=\"https:\/\/kesbet.pl\/wp-content\/uploads\/2018\/06\/440a-400x400.png\" class=\"attachment-woocommerce_thumbnail size-woocommerce_thumbnail\" alt=\"Concrete bench 440a\" srcset=\"https:\/\/kesbet.pl\/wp-content\/uploads\/2018\/06\/440a-400x400.png 400w, https:\/\/kesbet.pl\/wp-content\/uploads\/2018\/06\/440a-150x150.png 150w, https:\/\/kesbet.pl\/wp-content\/uploads\/2018\/06\/440a-300x300.png 300w, https:\/\/kesbet.pl\/wp-content\/uploads\/2018\/06\/440a.png 600w, https:\/\/kesbet.pl\/wp-content\/uploads\/2018\/06\/440a-100x100.png 100w\" sizes=\"auto, (max-width: 400px) 100vw, 400px\" \/><h2 class=\"woocommerce-loop-product__title\">Concrete bench 440a<\/h2>\n<\/a>\t\t<style type=\"text\/css\">\n\t\t\t\t\t<\/style>\n\t\t<\/li>\n<\/ul>\n<\/div>[\/vc_column][vc_column width=&#8221;1\/4&#8243; css=&#8221;.vc_custom_1522234899251{margin-top: 15px !important;}&#8221;][vc_widget_sidebar sidebar_id=&#8221;cs-2&#8243;][vc_separator color=&#8221;custom&#8221; border_width=&#8221;2&#8243; accent_color=&#8221;#2e867d&#8221; css=&#8221;.vc_custom_1531132145643{padding-bottom: 15px !important;}&#8221;][vc_wp_custommenu nav_menu=&#8221;74&#8243; el_class=&#8221;hide-on-mobile&#8221; title=&#8221;Kategorie produkt\u00f3w&#8221;][vc_separator color=&#8221;custom&#8221; border_width=&#8221;2&#8243; accent_color=&#8221;#2e867d&#8221;][vc_custom_heading text=&#8221;e-shop&#8221; font_container=&#8221;tag:h4|text_align:left&#8221; use_theme_fonts=&#8221;yes&#8221;][vc_column_text]See products in our e-store.[\/vc_column_text][vc_btn title=&#8221;Go to shop&#8221; shape=&#8221;square&#8221; align=&#8221;center&#8221; i_icon_fontawesome=&#8221;fa fa-shopping-basket&#8221; button_block=&#8221;true&#8221; add_icon=&#8221;true&#8221; link=&#8221;url:http%3A%2F%2Fwww.artogrodowe.pl%2F|target:%20_blank|&#8221; el_id=&#8221;toshop-button&#8221;][\/vc_column][\/vc_row][vc_row][vc_column width=&#8221;3\/4&#8243;][vc_row_inner css=&#8221;.vc_custom_1522234764439{margin-right: -15px !important;margin-left: -15px !important;}&#8221;][vc_column_inner width=&#8221;7\/12&#8243;][vc_custom_heading text=&#8221;We produce different types of concrete benches&#8221; font_container=&#8221;tag:h2|font_size:24px|text_align:left&#8221; use_theme_fonts=&#8221;yes&#8221;][vc_column_text]<span style=\"font-weight: 400;\">We offer a very large selection of concrete benches.\u00a0 We produce single benches as well as such sets that can be combined to create, for example, a semi-circle or rows of benches. Depending on the type of bench, they can be attached to the ground in various ways or left as a free-standing element. Some benches do not require any fixing due to their weight.<\/span>[\/vc_column_text][\/vc_column_inner][vc_column_inner width=&#8221;5\/12&#8243;][vc_empty_space][vc_column_text]<\/p>\n<ul>\n<li style=\"font-weight: 400;\"><span style=\"font-weight: 400;\">The offer includes several<\/span> <b>types of concrete benches<\/b><\/li>\n<li style=\"font-weight: 400;\"><span style=\"font-weight: 400;\">Galvanized metal parts, additionally protected with anti-corrosive paint<\/span><\/li>\n<li style=\"font-weight: 400;\"><span style=\"font-weight: 400;\">High resistance to mechanical damage and weather conditions<\/span><\/li>\n<li style=\"font-weight: 400;\"><span style=\"font-weight: 400;\">Wide selection of colours of aggregates and wooden finishing<\/span><\/li>\n<\/ul>\n<p>[\/vc_column_text][\/vc_column_inner][\/vc_row_inner][\/vc_column][vc_column width=&#8221;1\/4&#8243;][\/vc_column][\/vc_row][vc_row full_width=&#8221;stretch_row&#8221; css=&#8221;.vc_custom_1523607706012{margin-top: 35px !important;margin-bottom: 0px !important;background-color: #2e867d !important;}&#8221;][vc_column css=&#8221;.vc_custom_1523607710153{padding-top: 0px !important;}&#8221;]<div class=\"kd-calltoaction no_icon cta\" style=\"background-color: ;\">\n                <div class=\"container\"><div class=\"cta-text\">\n                        <h3 style=\"color: #ffffff;\">Comfortable and durable concrete benches perfectly fitting into any space<\/h3>\n                        <p style=\"color: #ffffff;\">We offer a wide selection of concrete and metal benches.<\/p>\n                    <\/div>\n                    <div class=\"cta-btncontainer\">\n                        <a href=\"https:\/\/kesbet.pl\/en\/contact\/\"  title=\"\" class=\"tt_button kd-animated zoomIn\" data-animation-delay=\"200\">Contact us<\/a>\n                    <\/div>\n                <\/div>\n            <\/div>[\/vc_column][\/vc_row][vc_row][vc_column width=&#8221;2\/3&#8243;][vc_custom_heading text=&#8221;Concrete benches for urban and private spaces&#8221; font_container=&#8221;tag:h2|font_size:24px|text_align:left&#8221; use_theme_fonts=&#8221;yes&#8221;][vc_row_inner][vc_column_inner width=&#8221;1\/2&#8243;]<div class=\"key-icon-box icon-default icon-top cont-left  \" style=\"background-color: none;\" ><div class=\"tt-iconbox-customimg img_small_size\"><img loading=\"lazy\" decoding=\"async\" width=\"80\" height=\"80\" src=\"https:\/\/kesbet.pl\/wp-content\/uploads\/2018\/03\/dbalossc-o-detale.png\" class=\"attachment-full\" alt=\"\" title=\"dba\u0142o\u015b\u0107 o detale\" \/><\/div><h4 class=\"service-heading\" style=\"color: #2f2f2f;\">BEAUTIFUL LOOK<\/h4><p >Concrete benches are an aesthetic element of space. They perfectly fit into the park landscape and other urban areas.<\/p><\/div>[\/vc_column_inner][vc_column_inner width=&#8221;1\/2&#8243;]<div class=\"key-icon-box icon-default icon-top cont-left  \" style=\"background-color: none;\" ><div class=\"tt-iconbox-customimg img_small_size\"><img loading=\"lazy\" decoding=\"async\" width=\"80\" height=\"80\" src=\"https:\/\/kesbet.pl\/wp-content\/uploads\/2018\/03\/bogata-oferta.png\" class=\"attachment-full\" alt=\"\" title=\"bogata oferta\" \/><\/div><h4 class=\"service-heading\" style=\"color: #2f2f2f;\">INDIVIDUAL ORDERS<\/h4><p >Concrete benches are also made to order. We implement original, non-standard projects of our clients.<\/p><\/div>[\/vc_column_inner][\/vc_row_inner][vc_row_inner][vc_column_inner width=&#8221;1\/2&#8243;]<div class=\"key-icon-box icon-default icon-top cont-left  \" style=\"background-color: none;\" ><div class=\"tt-iconbox-customimg img_small_size\"><img loading=\"lazy\" decoding=\"async\" width=\"80\" height=\"80\" src=\"https:\/\/kesbet.pl\/wp-content\/uploads\/2018\/03\/wykorzystywane-w-przestrzeni-publicznej-i-prywatnej.png\" class=\"attachment-full\" alt=\"\" title=\"wykorzystywane w przestrzeni publicznej i prywatnej\" \/><\/div><h4 class=\"service-heading\" style=\"color: #2f2f2f;\">A COHERENT DESIGN<\/h4><p >Concrete benches blend in perfectly with other elements of urban space, such as planters, stands, sidewalks<br \/>\n<\/p><\/div>[\/vc_column_inner][vc_column_inner width=&#8221;1\/2&#8243;]<div class=\"key-icon-box icon-default icon-top cont-left  \" style=\"background-color: none;\" ><div class=\"tt-iconbox-customimg img_small_size\"><img loading=\"lazy\" decoding=\"async\" width=\"80\" height=\"80\" src=\"https:\/\/kesbet.pl\/wp-content\/uploads\/2018\/03\/oferujemy-nowoczesne-rozwiazania-architektoniczne.png\" class=\"attachment-full\" alt=\"\" title=\"oferujemy nowoczesne rozwi\u0105zania architektoniczne\" \/><\/div><h4 class=\"service-heading\" style=\"color: #2f2f2f;\">WITH OR WITHOUT BACKREST<\/h4><p >Concrete benches are available in versions with backrest and without backrest.<\/p><\/div>[\/vc_column_inner][\/vc_row_inner][\/vc_column][vc_column width=&#8221;1\/3&#8243;][vc_empty_space height=&#8221;45px&#8221;][vc_single_image image=&#8221;3640&#8243; img_size=&#8221;full&#8221; add_caption=&#8221;yes&#8221; alignment=&#8221;center&#8221;][\/vc_column][\/vc_row][vc_row][vc_column][vc_empty_space][\/vc_column][\/vc_row]<\/p>\n<\/div>","protected":false},"excerpt":{"rendered":"<p>[vc_row][vc_column css=&#8221;.vc_custom_1522231303301{margin-top: -30px !important;margin-bottom: 30px !important;}&#8221;][vc_custom_heading text=&#8221;Concrete benches &#8211; perfect for the park or promenade &#8221; font_container=&#8221;tag:h2|font_size:26px|text_align:center|color:%232e867d&#8221; use_theme_fonts=&#8221;yes&#8221;][\/vc_column][\/vc_row][vc_row][vc_column width=&#8221;3\/4&#8243;][vc_custom_heading text=&#8221;Durable and practical concrete [&hellip;]<\/p>\n","protected":false},"author":1,"featured_media":10383,"parent":6030,"menu_order":0,"comment_status":"closed","ping_status":"closed","template":"","meta":{"footnotes":""},"class_list":["post-7460","page","type-page","status-publish","has-post-thumbnail","hentry"],"_links":{"self":[{"href":"https:\/\/kesbet.pl\/en\/wp-json\/wp\/v2\/pages\/7460","targetHints":{"allow":["GET"]}}],"collection":[{"href":"https:\/\/kesbet.pl\/en\/wp-json\/wp\/v2\/pages"}],"about":[{"href":"https:\/\/kesbet.pl\/en\/wp-json\/wp\/v2\/types\/page"}],"author":[{"embeddable":true,"href":"https:\/\/kesbet.pl\/en\/wp-json\/wp\/v2\/users\/1"}],"replies":[{"embeddable":true,"href":"https:\/\/kesbet.pl\/en\/wp-json\/wp\/v2\/comments?post=7460"}],"version-history":[{"count":7,"href":"https:\/\/kesbet.pl\/en\/wp-json\/wp\/v2\/pages\/7460\/revisions"}],"predecessor-version":[{"id":7715,"href":"https:\/\/kesbet.pl\/en\/wp-json\/wp\/v2\/pages\/7460\/revisions\/7715"}],"up":[{"embeddable":true,"href":"https:\/\/kesbet.pl\/en\/wp-json\/wp\/v2\/pages\/6030"}],"wp:featuredmedia":[{"embeddable":true,"href":"https:\/\/kesbet.pl\/en\/wp-json\/wp\/v2\/media\/10383"}],"wp:attachment":[{"href":"https:\/\/kesbet.pl\/en\/wp-json\/wp\/v2\/media?parent=7460"}],"curies":[{"name":"wp","href":"https:\/\/api.w.org\/{rel}","templated":true}]}}